{"id":280,"date":"2023-05-23T19:30:42","date_gmt":"2023-05-23T22:30:42","guid":{"rendered":"http:\/\/caual.eleicoes2023.caubr.gov.br\/?page_id=280"},"modified":"2023-07-06T22:17:26","modified_gmt":"2023-07-07T01:17:26","slug":"sumulas-das-reunioes-e-deliberacoes","status":"publish","type":"page","link":"https:\/\/eleicoes2023.caual.gov.br\/?page_id=280","title":{"rendered":"S\u00famulas das Reuni\u00f5es e Delibera\u00e7\u00f5es"},"content":{"rendered":"\t\t<div data-elementor-type=\"wp-page\" data-elementor-id=\"280\" class=\"elementor elementor-280\">\n\t\t\t\t\t\t\t\t\t<section class=\"elementor-section elementor-top-section elementor-element elementor-element-971f3be elementor-section-boxed elementor-section-height-default elementor-section-height-default\" data-id=\"971f3be\" data-element_type=\"section\">\n\t\t\t\t\t\t<div class=\"elementor-container elementor-column-gap-default\">\n\t\t\t\t\t<div class=\"elementor-column elementor-col-100 elementor-top-column elementor-element elementor-element-ceceb34\" data-id=\"ceceb34\" data-element_type=\"column\">\n\t\t\t<div class=\"elementor-widget-wrap elementor-element-populated\">\n\t\t\t\t\t\t\t\t<div class=\"elementor-element elementor-element-86392c0 elementor-widget elementor-widget-jet-listing-grid\" data-id=\"86392c0\" data-element_type=\"widget\" data-settings=\"{&quot;columns&quot;:&quot;1&quot;}\" data-widget_type=\"jet-listing-grid.default\">\n\t\t\t\t<div class=\"elementor-widget-container\">\n\t\t\t<div class=\"jet-listing-grid jet-listing\"><div class=\"jet-listing-grid__items grid-col-desk-1 grid-col-tablet-1 grid-col-mobile-1 jet-listing-grid--1505\"  data-nav=\"{&quot;enabled&quot;:true,&quot;type&quot;:&quot;scroll&quot;,&quot;more_el&quot;:null,&quot;query&quot;:{&quot;post_status&quot;:[&quot;publish&quot;],&quot;post_type&quot;:&quot;post&quot;,&quot;posts_per_page&quot;:&quot;6&quot;,&quot;paged&quot;:&quot;1&quot;,&quot;ignore_sticky_posts&quot;:&quot;1&quot;,&quot;tax_query&quot;:[{&quot;taxonomy&quot;:&quot;category&quot;,&quot;field&quot;:&quot;slug&quot;,&quot;terms&quot;:[&quot;sumulas-das-reunioes-e-deliberacoes&quot;],&quot;operator&quot;:&quot;IN&quot;}]},&quot;widget_settings&quot;:{&quot;lisitng_id&quot;:1505,&quot;posts_num&quot;:6,&quot;columns&quot;:1,&quot;columns_tablet&quot;:1,&quot;columns_mobile&quot;:1,&quot;is_archive_template&quot;:&quot;&quot;,&quot;post_status&quot;:[&quot;publish&quot;],&quot;use_random_posts_num&quot;:&quot;&quot;,&quot;max_posts_num&quot;:9,&quot;not_found_message&quot;:&quot;No data was found&quot;,&quot;is_masonry&quot;:false,&quot;equal_columns_height&quot;:&quot;&quot;,&quot;use_load_more&quot;:&quot;yes&quot;,&quot;load_more_id&quot;:&quot;&quot;,&quot;load_more_type&quot;:&quot;scroll&quot;,&quot;load_more_offset&quot;:{&quot;unit&quot;:&quot;px&quot;,&quot;size&quot;:0,&quot;sizes&quot;:[]},&quot;use_custom_post_types&quot;:&quot;&quot;,&quot;custom_post_types&quot;:[],&quot;hide_widget_if&quot;:&quot;&quot;,&quot;carousel_enabled&quot;:&quot;&quot;,&quot;slides_to_scroll&quot;:&quot;1&quot;,&quot;arrows&quot;:&quot;true&quot;,&quot;arrow_icon&quot;:&quot;fa fa-angle-left&quot;,&quot;dots&quot;:&quot;&quot;,&quot;autoplay&quot;:&quot;true&quot;,&quot;autoplay_speed&quot;:5000,&quot;infinite&quot;:&quot;true&quot;,&quot;center_mode&quot;:&quot;&quot;,&quot;effect&quot;:&quot;slide&quot;,&quot;speed&quot;:500,&quot;inject_alternative_items&quot;:&quot;&quot;,&quot;injection_items&quot;:[],&quot;scroll_slider_enabled&quot;:&quot;&quot;,&quot;scroll_slider_on&quot;:[&quot;desktop&quot;,&quot;tablet&quot;,&quot;mobile&quot;],&quot;custom_query&quot;:false,&quot;custom_query_id&quot;:&quot;&quot;,&quot;_element_id&quot;:&quot;&quot;}}\" data-page=\"1\" data-pages=\"6\" data-listing-source=\"posts\" data-listing-id=\"1505\" data-query-id=\"\"><style>.elementor-1505 .elementor-element.elementor-element-1b8e07b{padding:1rem 0rem 2rem 0rem;}.elementor-1505 .elementor-element.elementor-element-75b34d9 > .elementor-widget-wrap > .elementor-widget:not(.elementor-widget__width-auto):not(.elementor-widget__width-initial):not(:last-child):not(.elementor-absolute){margin-bottom:0px;}.elementor-1505 .elementor-element.elementor-element-75b34d9 > .elementor-element-populated{margin:0px 0px 0px 0px;--e-column-margin-right:0px;--e-column-margin-left:0px;padding:0px 0px 0px 0px;}.elementor-1505 .elementor-element.elementor-element-fa9acfc .elementor-heading-title{color:var( --e-global-color-eb0bb4c );font-family:\"Roboto\", Sans-serif;font-size:22px;font-weight:600;}.elementor-1505 .elementor-element.elementor-element-fa9acfc > .elementor-widget-container{padding:0rem 0rem 1rem 0rem;}.elementor-1505 .elementor-element.elementor-element-fa9acfc{width:var( --container-widget-width, 98% );max-width:98%;--container-widget-width:98%;--container-widget-flex-grow:0;}.elementor-1505 .elementor-element.elementor-element-190ff11 .elementor-heading-title{color:var( --e-global-color-eb0bb4c );font-family:\"Roboto\", Sans-serif;font-size:16px;font-weight:400;}.elementor-1505 .elementor-element.elementor-element-190ff11 > .elementor-widget-container{padding:1rem 0rem 1rem 0rem;}.elementor-1505 .elementor-element.elementor-element-c29b5de{text-align:left;color:#063955;font-family:\"Roboto\", Sans-serif;font-size:18px;font-weight:400;}.elementor-1505 .elementor-element.elementor-element-c29b5de > .elementor-widget-container{margin:0px 0px 0px 0px;padding:0rem 0rem 0.5rem 0rem;border-style:solid;border-width:0px 0px 02px 0px;border-color:var( --e-global-color-a6a7d71 );}@media(max-width:1024px){.elementor-1505 .elementor-element.elementor-element-c29b5de{width:100%;max-width:100%;}}@media(max-width:767px){.elementor-1505 .elementor-element.elementor-element-c29b5de{width:100%;max-width:100%;}}\/* Start custom CSS for theme-post-content, class: .elementor-element-c29b5de *\/.elementor-1505 .elementor-element.elementor-element-c29b5de a{\n    color: #063955;\n}\n.elementor-1505 .elementor-element.elementor-element-c29b5de a:before{\n  content: \"\";\n  display: inline-block;\n  width: 25px;\n  height: 35px;\n  background-image: url('https:\/\/eleicoes2023.caubr.gov.br\/wp-content\/uploads\/2023\/05\/pdf.png');\n  background-repeat: no-repeat;\n  background-size: cover;\n  margin-top: 0px;\n  margin-right: 5px; \/* Espa\u00e7amento entre a imagem e o texto *\/\n    \n}\n.elementor-1505 .elementor-element.elementor-element-c29b5de p {\n    padding: 0;\n    margin: 0;\n    line-height: 35px;\n}\/* End custom CSS *\/<\/style><div class=\"jet-listing-grid__item jet-listing-dynamic-post-2969\" data-post-id=\"2969\" >\t\t<div data-elementor-type=\"jet-listing-items\" data-elementor-id=\"1505\" class=\"elementor elementor-1505\">\n\t\t\t\t\t\t\t\t\t<section class=\"elementor-section elementor-top-section elementor-element elementor-element-1b8e07b elementor-section-boxed elementor-section-height-default elementor-section-height-default\" data-id=\"1b8e07b\" data-element_type=\"section\">\n\t\t\t\t\t\t<div class=\"elementor-container elementor-column-gap-default\">\n\t\t\t\t\t<div class=\"elementor-column elementor-col-100 elementor-top-column elementor-element elementor-element-75b34d9\" data-id=\"75b34d9\" data-element_type=\"column\">\n\t\t\t<div class=\"elementor-widget-wrap elementor-element-populated\">\n\t\t\t\t\t\t\t\t<div class=\"elementor-element elementor-element-fa9acfc elementor-widget__width-initial elementor-widget elementor-widget-heading\" data-id=\"fa9acfc\" data-element_type=\"widget\" data-widget_type=\"heading.default\">\n\t\t\t\t<div class=\"elementor-widget-container\">\n\t\t\t<style>\/*! elementor - v3.14.0 - 26-06-2023 *\/\n.elementor-heading-title{padding:0;margin:0;line-height:1}.elementor-widget-heading .elementor-heading-title[class*=elementor-size-]>a{color:inherit;font-size:inherit;line-height:inherit}.elementor-widget-heading .elementor-heading-title.elementor-size-small{font-size:15px}.elementor-widget-heading .elementor-heading-title.elementor-size-medium{font-size:19px}.elementor-widget-heading .elementor-heading-title.elementor-size-large{font-size:29px}.elementor-widget-heading .elementor-heading-title.elementor-size-xl{font-size:39px}.elementor-widget-heading .elementor-heading-title.elementor-size-xxl{font-size:59px}<\/style><h2 class=\"elementor-heading-title elementor-size-default\"><span><img decoding=\"async\" src=\"https:\/\/eleicoes2023.caubr.gov.br\/wp-content\/uploads\/2023\/05\/icone.png\" width=\"18\"><\/span> \u200e5\u00aa Reuni\u00e3o Extraordin\u00e1ria da CE-AL<\/h2>\t\t<\/div>\n\t\t\t\t<\/div>\n\t\t\t\t<div class=\"elementor-element elementor-element-190ff11 elementor-widget elementor-widget-heading\" data-id=\"190ff11\" data-element_type=\"widget\" data-widget_type=\"heading.default\">\n\t\t\t\t<div class=\"elementor-widget-container\">\n\t\t\t<h2 class=\"elementor-heading-title elementor-size-default\">14\/12\/2023<\/h2>\t\t<\/div>\n\t\t\t\t<\/div>\n\t\t\t\t<div class=\"elementor-element elementor-element-c29b5de elementor-widget-tablet__width-inherit elementor-widget-mobile__width-inherit elementor-widget elementor-widget-theme-post-content\" data-id=\"c29b5de\" data-element_type=\"widget\" data-widget_type=\"theme-post-content.default\">\n\t\t\t\t<div class=\"elementor-widget-container\">\n\t\t\t\t\t<div data-elementor-type=\"wp-post\" data-elementor-id=\"2969\" class=\"elementor elementor-2969\">\n\t\t\t\t\t\t\t\t\t<section class=\"elementor-section elementor-top-section elementor-element elementor-element-8bf9bd6 elementor-section-boxed elementor-section-height-default elementor-section-height-default\" data-id=\"8bf9bd6\" data-element_type=\"section\">\n\t\t\t\t\t\t<div class=\"elementor-container elementor-column-gap-default\">\n\t\t\t\t\t<div class=\"elementor-column elementor-col-100 elementor-top-column elementor-element elementor-element-1488e9e\" data-id=\"1488e9e\" data-element_type=\"column\">\n\t\t\t<div class=\"elementor-widget-wrap\">\n\t\t\t\t\t\t\t\t\t<\/div>\n\t\t<\/div>\n\t\t\t\t\t\t\t<\/div>\n\t\t<\/section>\n\t\t\t\t<section class=\"elementor-section elementor-top-section elementor-element elementor-element-28a2478b elementor-section-boxed elementor-section-height-default elementor-section-height-default\" data-id=\"28a2478b\" data-element_type=\"section\">\n\t\t\t\t\t\t<div class=\"elementor-container elementor-column-gap-default\">\n\t\t\t\t\t<div class=\"elementor-column elementor-col-100 elementor-top-column elementor-element elementor-element-3eff0dac\" data-id=\"3eff0dac\" data-element_type=\"column\">\n\t\t\t<div class=\"elementor-widget-wrap elementor-element-populated\">\n\t\t\t\t\t\t\t\t<div class=\"elementor-element elementor-element-52c0d2b elementor-widget elementor-widget-text-editor\" data-id=\"52c0d2b\" data-element_type=\"widget\" data-widget_type=\"text-editor.default\">\n\t\t\t\t<div class=\"elementor-widget-container\">\n\t\t\t<style>\/*! elementor - v3.14.0 - 26-06-2023 *\/\n.elementor-widget-text-editor.elementor-drop-cap-view-stacked .elementor-drop-cap{background-color:#69727d;color:#fff}.elementor-widget-text-editor.elementor-drop-cap-view-framed .elementor-drop-cap{color:#69727d;border:3px solid;background-color:transparent}.elementor-widget-text-editor:not(.elementor-drop-cap-view-default) .elementor-drop-cap{margin-top:8px}.elementor-widget-text-editor:not(.elementor-drop-cap-view-default) .elementor-drop-cap-letter{width:1em;height:1em}.elementor-widget-text-editor .elementor-drop-cap{float:left;text-align:center;line-height:1;font-size:50px}.elementor-widget-text-editor .elementor-drop-cap-letter{display:inline-block}<\/style>\t\t\t\t<p><a href=\"http:\/\/eleicoes2023.caual.gov.br\/wp-content\/uploads\/sites\/72\/2023\/12\/Deliberacao_extraordinaria_012_-_Candidatura_Ronaldo_assinado.pdf\" target=\"_blank\" rel=\"noopener\">Delibera\u00e7\u00e3o Extraordin\u00e1ria CE-AL 012\/2023 \u2013 Cassa\u00e7\u00e3o de registro de candidatura de candidato<\/a><\/p>\t\t\t\t\t\t<\/div>\n\t\t\t\t<\/div>\n\t\t\t\t<div class=\"elementor-element elementor-element-b01c021 elementor-widget elementor-widget-text-editor\" data-id=\"b01c021\" data-element_type=\"widget\" data-widget_type=\"text-editor.default\">\n\t\t\t\t<div class=\"elementor-widget-container\">\n\t\t\t\t\t\t\t<p><a href=\"http:\/\/eleicoes2023.caual.gov.br\/wp-content\/uploads\/sites\/72\/2023\/12\/SUMULA_CE-AL_05_EXTRAORDINARIA_assinado.pdf\">S\u00famula da 5\u00aa Reuni\u00e3o Extraordin\u00e1ria da CE-AL<\/a><\/p>\t\t\t\t\t\t<\/div>\n\t\t\t\t<\/div>\n\t\t\t\t\t<\/div>\n\t\t<\/div>\n\t\t\t\t\t\t\t<\/div>\n\t\t<\/section>\n\t\t\t\t\t\t\t<\/div>\n\t\t\t\t<\/div>\n\t\t\t\t<\/div>\n\t\t\t\t\t<\/div>\n\t\t<\/div>\n\t\t\t\t\t\t\t<\/div>\n\t\t<\/section>\n\t\t\t\t\t\t\t<\/div>\n\t\t<\/div><div class=\"jet-listing-grid__item jet-listing-dynamic-post-2877\" data-post-id=\"2877\" >\t\t<div data-elementor-type=\"jet-listing-items\" data-elementor-id=\"1505\" class=\"elementor elementor-1505\">\n\t\t\t\t\t\t\t\t\t<section class=\"elementor-section elementor-top-section elementor-element elementor-element-1b8e07b elementor-section-boxed elementor-section-height-default elementor-section-height-default\" data-id=\"1b8e07b\" data-element_type=\"section\">\n\t\t\t\t\t\t<div class=\"elementor-container elementor-column-gap-default\">\n\t\t\t\t\t<div class=\"elementor-column elementor-col-100 elementor-top-column elementor-element elementor-element-75b34d9\" data-id=\"75b34d9\" data-element_type=\"column\">\n\t\t\t<div class=\"elementor-widget-wrap elementor-element-populated\">\n\t\t\t\t\t\t\t\t<div class=\"elementor-element elementor-element-fa9acfc elementor-widget__width-initial elementor-widget elementor-widget-heading\" data-id=\"fa9acfc\" data-element_type=\"widget\" data-widget_type=\"heading.default\">\n\t\t\t\t<div class=\"elementor-widget-container\">\n\t\t\t<h2 class=\"elementor-heading-title elementor-size-default\"><span><img decoding=\"async\" src=\"https:\/\/eleicoes2023.caubr.gov.br\/wp-content\/uploads\/2023\/05\/icone.png\" width=\"18\"><\/span> \u200eDIVULGA\u00c7\u00c3O DO EXTRATO DE JULGAMENTO DE DEN\u00daNCIAS<\/h2>\t\t<\/div>\n\t\t\t\t<\/div>\n\t\t\t\t<div class=\"elementor-element elementor-element-190ff11 elementor-widget elementor-widget-heading\" data-id=\"190ff11\" data-element_type=\"widget\" data-widget_type=\"heading.default\">\n\t\t\t\t<div class=\"elementor-widget-container\">\n\t\t\t<h2 class=\"elementor-heading-title elementor-size-default\">07\/11\/2023<\/h2>\t\t<\/div>\n\t\t\t\t<\/div>\n\t\t\t\t<div class=\"elementor-element elementor-element-c29b5de elementor-widget-tablet__width-inherit elementor-widget-mobile__width-inherit elementor-widget elementor-widget-theme-post-content\" data-id=\"c29b5de\" data-element_type=\"widget\" data-widget_type=\"theme-post-content.default\">\n\t\t\t\t<div class=\"elementor-widget-container\">\n\t\t\t<p><a href=\"http:\/\/eleicoes2023.caual.gov.br\/wp-content\/uploads\/sites\/72\/2023\/11\/11nov.07_-_DIVULGACAO_DO_EXTRATO_DE_JULGAMENTO_DE_DENUNCIAS_assinado.pdf\" target=\"_blank\" rel=\"noopener\">Acesse o extrato aqui<\/a><\/p>\n\t\t<\/div>\n\t\t\t\t<\/div>\n\t\t\t\t\t<\/div>\n\t\t<\/div>\n\t\t\t\t\t\t\t<\/div>\n\t\t<\/section>\n\t\t\t\t\t\t\t<\/div>\n\t\t<\/div><div class=\"jet-listing-grid__item jet-listing-dynamic-post-2886\" data-post-id=\"2886\" >\t\t<div data-elementor-type=\"jet-listing-items\" data-elementor-id=\"1505\" class=\"elementor elementor-1505\">\n\t\t\t\t\t\t\t\t\t<section class=\"elementor-section elementor-top-section elementor-element elementor-element-1b8e07b elementor-section-boxed elementor-section-height-default elementor-section-height-default\" data-id=\"1b8e07b\" data-element_type=\"section\">\n\t\t\t\t\t\t<div class=\"elementor-container elementor-column-gap-default\">\n\t\t\t\t\t<div class=\"elementor-column elementor-col-100 elementor-top-column elementor-element elementor-element-75b34d9\" data-id=\"75b34d9\" data-element_type=\"column\">\n\t\t\t<div class=\"elementor-widget-wrap elementor-element-populated\">\n\t\t\t\t\t\t\t\t<div class=\"elementor-element elementor-element-fa9acfc elementor-widget__width-initial elementor-widget elementor-widget-heading\" data-id=\"fa9acfc\" data-element_type=\"widget\" data-widget_type=\"heading.default\">\n\t\t\t\t<div class=\"elementor-widget-container\">\n\t\t\t<h2 class=\"elementor-heading-title elementor-size-default\"><span><img decoding=\"async\" src=\"https:\/\/eleicoes2023.caubr.gov.br\/wp-content\/uploads\/2023\/05\/icone.png\" width=\"18\"><\/span> \u200e4\u00aa Reuni\u00e3o Extraordin\u00e1ria da CE-AL<\/h2>\t\t<\/div>\n\t\t\t\t<\/div>\n\t\t\t\t<div class=\"elementor-element elementor-element-190ff11 elementor-widget elementor-widget-heading\" data-id=\"190ff11\" data-element_type=\"widget\" data-widget_type=\"heading.default\">\n\t\t\t\t<div class=\"elementor-widget-container\">\n\t\t\t<h2 class=\"elementor-heading-title elementor-size-default\">07\/11\/2023<\/h2>\t\t<\/div>\n\t\t\t\t<\/div>\n\t\t\t\t<div class=\"elementor-element elementor-element-c29b5de elementor-widget-tablet__width-inherit elementor-widget-mobile__width-inherit elementor-widget elementor-widget-theme-post-content\" data-id=\"c29b5de\" data-element_type=\"widget\" data-widget_type=\"theme-post-content.default\">\n\t\t\t\t<div class=\"elementor-widget-container\">\n\t\t\t<p><a href=\"http:\/\/eleicoes2023.caual.gov.br\/wp-content\/uploads\/sites\/72\/2023\/11\/Deliberacao_extraordinaria_011_-_DEN_179_assinado_assinado.pdf\" target=\"_blank\" rel=\"noopener\">Delibera\u00e7\u00e3o Extraordin\u00e1ria CE-AL 011\/2023 \u2013 Julgamento den\u00fancia 179 SiEN<\/a><\/p>\n<p><a href=\"http:\/\/eleicoes2023.caual.gov.br\/wp-content\/uploads\/sites\/72\/2023\/11\/10_-SUMULA_CE-AL_04_EXTRAORDINARIA_assinado.pdf\" target=\"_blank\" rel=\"noopener\">S\u00famula da 4\u00aa Reuni\u00e3o Extraordin\u00e1ria da CE-AL<\/a><\/p>\n\t\t<\/div>\n\t\t\t\t<\/div>\n\t\t\t\t\t<\/div>\n\t\t<\/div>\n\t\t\t\t\t\t\t<\/div>\n\t\t<\/section>\n\t\t\t\t\t\t\t<\/div>\n\t\t<\/div><div class=\"jet-listing-grid__item jet-listing-dynamic-post-2868\" data-post-id=\"2868\" >\t\t<div data-elementor-type=\"jet-listing-items\" data-elementor-id=\"1505\" class=\"elementor elementor-1505\">\n\t\t\t\t\t\t\t\t\t<section class=\"elementor-section elementor-top-section elementor-element elementor-element-1b8e07b elementor-section-boxed elementor-section-height-default elementor-section-height-default\" data-id=\"1b8e07b\" data-element_type=\"section\">\n\t\t\t\t\t\t<div class=\"elementor-container elementor-column-gap-default\">\n\t\t\t\t\t<div class=\"elementor-column elementor-col-100 elementor-top-column elementor-element elementor-element-75b34d9\" data-id=\"75b34d9\" data-element_type=\"column\">\n\t\t\t<div class=\"elementor-widget-wrap elementor-element-populated\">\n\t\t\t\t\t\t\t\t<div class=\"elementor-element elementor-element-fa9acfc elementor-widget__width-initial elementor-widget elementor-widget-heading\" data-id=\"fa9acfc\" data-element_type=\"widget\" data-widget_type=\"heading.default\">\n\t\t\t\t<div class=\"elementor-widget-container\">\n\t\t\t<h2 class=\"elementor-heading-title elementor-size-default\"><span><img decoding=\"async\" src=\"https:\/\/eleicoes2023.caubr.gov.br\/wp-content\/uploads\/2023\/05\/icone.png\" width=\"18\"><\/span> \u200eDIVULGA\u00c7\u00c3O DA LISTAGEM DE ELEITORES N\u00c3O VOTANTES NAS ELEI\u00c7\u00d5ES 2023<\/h2>\t\t<\/div>\n\t\t\t\t<\/div>\n\t\t\t\t<div class=\"elementor-element elementor-element-190ff11 elementor-widget elementor-widget-heading\" data-id=\"190ff11\" data-element_type=\"widget\" data-widget_type=\"heading.default\">\n\t\t\t\t<div class=\"elementor-widget-container\">\n\t\t\t<h2 class=\"elementor-heading-title elementor-size-default\">01\/11\/2023<\/h2>\t\t<\/div>\n\t\t\t\t<\/div>\n\t\t\t\t<div class=\"elementor-element elementor-element-c29b5de elementor-widget-tablet__width-inherit elementor-widget-mobile__width-inherit elementor-widget elementor-widget-theme-post-content\" data-id=\"c29b5de\" data-element_type=\"widget\" data-widget_type=\"theme-post-content.default\">\n\t\t\t\t<div class=\"elementor-widget-container\">\n\t\t\t<p><a href=\"http:\/\/eleicoes2023.caual.gov.br\/wp-content\/uploads\/sites\/72\/2023\/11\/2.-Eleitores-Ausentes-2023_AL.pdf\" target=\"_blank\" rel=\"noopener\">Clique aqui para visualizar a listagem.<\/a><\/p>\n\t\t<\/div>\n\t\t\t\t<\/div>\n\t\t\t\t\t<\/div>\n\t\t<\/div>\n\t\t\t\t\t\t\t<\/div>\n\t\t<\/section>\n\t\t\t\t\t\t\t<\/div>\n\t\t<\/div><div class=\"jet-listing-grid__item jet-listing-dynamic-post-2872\" data-post-id=\"2872\" >\t\t<div data-elementor-type=\"jet-listing-items\" data-elementor-id=\"1505\" class=\"elementor elementor-1505\">\n\t\t\t\t\t\t\t\t\t<section class=\"elementor-section elementor-top-section elementor-element elementor-element-1b8e07b elementor-section-boxed elementor-section-height-default elementor-section-height-default\" data-id=\"1b8e07b\" data-element_type=\"section\">\n\t\t\t\t\t\t<div class=\"elementor-container elementor-column-gap-default\">\n\t\t\t\t\t<div class=\"elementor-column elementor-col-100 elementor-top-column elementor-element elementor-element-75b34d9\" data-id=\"75b34d9\" data-element_type=\"column\">\n\t\t\t<div class=\"elementor-widget-wrap elementor-element-populated\">\n\t\t\t\t\t\t\t\t<div class=\"elementor-element elementor-element-fa9acfc elementor-widget__width-initial elementor-widget elementor-widget-heading\" data-id=\"fa9acfc\" data-element_type=\"widget\" data-widget_type=\"heading.default\">\n\t\t\t\t<div class=\"elementor-widget-container\">\n\t\t\t<h2 class=\"elementor-heading-title elementor-size-default\"><span><img decoding=\"async\" src=\"https:\/\/eleicoes2023.caubr.gov.br\/wp-content\/uploads\/2023\/05\/icone.png\" width=\"18\"><\/span> \u200eDIVULGA\u00c7\u00c3O DOS EXTRATOS DE JULGAMENTO DE PEDIDOS DE IMPUGNA\u00c7\u00c3O DO RESULTADO DAS ELEI\u00c7\u00d5ES<\/h2>\t\t<\/div>\n\t\t\t\t<\/div>\n\t\t\t\t<div class=\"elementor-element elementor-element-190ff11 elementor-widget elementor-widget-heading\" data-id=\"190ff11\" data-element_type=\"widget\" data-widget_type=\"heading.default\">\n\t\t\t\t<div class=\"elementor-widget-container\">\n\t\t\t<h2 class=\"elementor-heading-title elementor-size-default\">27\/10\/2023<\/h2>\t\t<\/div>\n\t\t\t\t<\/div>\n\t\t\t\t<div class=\"elementor-element elementor-element-c29b5de elementor-widget-tablet__width-inherit elementor-widget-mobile__width-inherit elementor-widget elementor-widget-theme-post-content\" data-id=\"c29b5de\" data-element_type=\"widget\" data-widget_type=\"theme-post-content.default\">\n\t\t\t\t<div class=\"elementor-widget-container\">\n\t\t\t<p><a href=\"http:\/\/eleicoes2023.caual.gov.br\/wp-content\/uploads\/sites\/72\/2023\/11\/10out.27-DIVULGACAO-DO-EXTRATO-JULG.-DE-IMPUG.-RESULTADO.pdf\" target=\"_blank\" rel=\"noopener\">Clique aqui para acessar o documento.<\/a><\/p>\n\t\t<\/div>\n\t\t\t\t<\/div>\n\t\t\t\t\t<\/div>\n\t\t<\/div>\n\t\t\t\t\t\t\t<\/div>\n\t\t<\/section>\n\t\t\t\t\t\t\t<\/div>\n\t\t<\/div><div class=\"jet-listing-grid__item jet-listing-dynamic-post-2834\" data-post-id=\"2834\" >\t\t<div data-elementor-type=\"jet-listing-items\" data-elementor-id=\"1505\" class=\"elementor elementor-1505\">\n\t\t\t\t\t\t\t\t\t<section class=\"elementor-section elementor-top-section elementor-element elementor-element-1b8e07b elementor-section-boxed elementor-section-height-default elementor-section-height-default\" data-id=\"1b8e07b\" data-element_type=\"section\">\n\t\t\t\t\t\t<div class=\"elementor-container elementor-column-gap-default\">\n\t\t\t\t\t<div class=\"elementor-column elementor-col-100 elementor-top-column elementor-element elementor-element-75b34d9\" data-id=\"75b34d9\" data-element_type=\"column\">\n\t\t\t<div class=\"elementor-widget-wrap elementor-element-populated\">\n\t\t\t\t\t\t\t\t<div class=\"elementor-element elementor-element-fa9acfc elementor-widget__width-initial elementor-widget elementor-widget-heading\" data-id=\"fa9acfc\" data-element_type=\"widget\" data-widget_type=\"heading.default\">\n\t\t\t\t<div class=\"elementor-widget-container\">\n\t\t\t<h2 class=\"elementor-heading-title elementor-size-default\"><span><img decoding=\"async\" src=\"https:\/\/eleicoes2023.caubr.gov.br\/wp-content\/uploads\/2023\/05\/icone.png\" width=\"18\"><\/span> \u200eDIVULGA\u00c7\u00c3O DOS EXTRATOS DE PEDIDOS DE IMPUGNA\u00c7\u00c3O DO RESULTADO DAS ELEI\u00c7\u00d5ES<\/h2>\t\t<\/div>\n\t\t\t\t<\/div>\n\t\t\t\t<div class=\"elementor-element elementor-element-190ff11 elementor-widget elementor-widget-heading\" data-id=\"190ff11\" data-element_type=\"widget\" data-widget_type=\"heading.default\">\n\t\t\t\t<div class=\"elementor-widget-container\">\n\t\t\t<h2 class=\"elementor-heading-title elementor-size-default\">23\/10\/2023<\/h2>\t\t<\/div>\n\t\t\t\t<\/div>\n\t\t\t\t<div class=\"elementor-element elementor-element-c29b5de elementor-widget-tablet__width-inherit elementor-widget-mobile__width-inherit elementor-widget elementor-widget-theme-post-content\" data-id=\"c29b5de\" data-element_type=\"widget\" data-widget_type=\"theme-post-content.default\">\n\t\t\t\t<div class=\"elementor-widget-container\">\n\t\t\t<p>N\u00e3o houve pedidos de impugna\u00e7\u00e3o.<a href=\"http:\/\/eleicoes2023.caual.gov.br\/wp-content\/uploads\/sites\/72\/2023\/10\/10out.23_-_DIVULGACAO_DO_EXTRATO_DE_PEDIDOS_DE_IMPUGNACAO_RESULTADO_assinado.pdf\" target=\"_blank\" rel=\"noopener\"> Clique aqui<\/a> para acessar os extratos.<\/p>\n\t\t<\/div>\n\t\t\t\t<\/div>\n\t\t\t\t\t<\/div>\n\t\t<\/div>\n\t\t\t\t\t\t\t<\/div>\n\t\t<\/section>\n\t\t\t\t\t\t\t<\/div>\n\t\t<\/div><\/div><div class=\"jet-listing-grid__loader\"><div class=\"jet-listing-grid__loader-spinner\"><\/div><\/div><\/div>\t\t<\/div>\n\t\t\t\t<\/div>\n\t\t\t\t\t<\/div>\n\t\t<\/div>\n\t\t\t\t\t\t\t<\/div>\n\t\t<\/section>\n\t\t\t\t\t\t\t<\/div>\n\t\t","protected":false},"excerpt":{"rendered":"<p>Acessar anexo Acessar anexo Acessar anexo<\/p>\n","protected":false},"author":1,"featured_media":0,"parent":0,"menu_order":0,"comment_status":"closed","ping_status":"closed","template":"","meta":[],"acf":[],"_links":{"self":[{"href":"https:\/\/eleicoes2023.caual.gov.br\/index.php?rest_route=\/wp\/v2\/pages\/280"}],"collection":[{"href":"https:\/\/eleicoes2023.caual.gov.br\/index.php?rest_route=\/wp\/v2\/pages"}],"about":[{"href":"https:\/\/eleicoes2023.caual.gov.br\/index.php?rest_route=\/wp\/v2\/types\/page"}],"author":[{"embeddable":true,"href":"https:\/\/eleicoes2023.caual.gov.br\/index.php?rest_route=\/wp\/v2\/users\/1"}],"replies":[{"embeddable":true,"href":"https:\/\/eleicoes2023.caual.gov.br\/index.php?rest_route=%2Fwp%2Fv2%2Fcomments&post=280"}],"version-history":[{"count":26,"href":"https:\/\/eleicoes2023.caual.gov.br\/index.php?rest_route=\/wp\/v2\/pages\/280\/revisions"}],"predecessor-version":[{"id":1665,"href":"https:\/\/eleicoes2023.caual.gov.br\/index.php?rest_route=\/wp\/v2\/pages\/280\/revisions\/1665"}],"wp:attachment":[{"href":"https:\/\/eleicoes2023.caual.gov.br\/index.php?rest_route=%2Fwp%2Fv2%2Fmedia&parent=280"}],"curies":[{"name":"wp","href":"https:\/\/api.w.org\/{rel}","templated":true}]}}